{"id":429,"date":"2023-08-17T11:06:16","date_gmt":"2023-08-17T14:06:16","guid":{"rendered":"https:\/\/hotelgoldville.com.br\/?page_id=429"},"modified":"2024-01-12T10:59:05","modified_gmt":"2024-01-12T13:59:05","slug":"politicas-de-privacidade","status":"publish","type":"page","link":"https:\/\/hotelgoldville.com.br\/?page_id=429","title":{"rendered":"Pol\u00edticas de Privacidade"},"content":{"rendered":"\t\t<div data-elementor-type=\"wp-page\" data-elementor-id=\"429\" class=\"elementor elementor-429\" data-elementor-post-type=\"page\">\n\t\t\t\t\t\t\t<div class=\"elementor-element elementor-element-f335b59 e-flex e-con-boxed e-con e-parent\" data-id=\"f335b59\" data-element_type=\"container\" data-settings=\"{&quot;background_background&quot;:&quot;gradient&quot;,&quot;content_width&quot;:&quot;boxed&quot;}\" data-core-v316-plus=\"true\">\n\t\t\t\t\t<div class=\"e-con-inner\">\n\t\t\t\t<div class=\"elementor-element elementor-element-06f0d67 elementor-widget elementor-widget-heading\" data-id=\"06f0d67\" data-element_type=\"widget\" data-widget_type=\"heading.default\">\n\t\t\t\t<div class=\"elementor-widget-container\">\n\t\t\t<style>\/*! elementor - v3.16.0 - 09-10-2023 *\/\n.elementor-heading-title{padding:0;margin:0;line-height:1}.elementor-widget-heading .elementor-heading-title[class*=elementor-size-]>a{color:inherit;font-size:inherit;line-height:inherit}.elementor-widget-heading .elementor-heading-title.elementor-size-small{font-size:15px}.elementor-widget-heading .elementor-heading-title.elementor-size-medium{font-size:19px}.elementor-widget-heading .elementor-heading-title.elementor-size-large{font-size:29px}.elementor-widget-heading .elementor-heading-title.elementor-size-xl{font-size:39px}.elementor-widget-heading .elementor-heading-title.elementor-size-xxl{font-size:59px}<\/style><h2 class=\"elementor-heading-title elementor-size-default\">pol\u00edticas de privacidade<\/h2>\t\t<\/div>\n\t\t\t\t<\/div>\n\t\t\t\t\t<\/div>\n\t\t\t\t<\/div>\n\t\t<div class=\"elementor-element elementor-element-5e18b04 e-flex e-con-boxed e-con e-parent\" data-id=\"5e18b04\" data-element_type=\"container\" data-settings=\"{&quot;content_width&quot;:&quot;boxed&quot;}\" data-core-v316-plus=\"true\">\n\t\t\t\t\t<div class=\"e-con-inner\">\n\t\t\t\t<div class=\"elementor-element elementor-element-ebf1fef elementor-widget elementor-widget-text-editor\" data-id=\"ebf1fef\" data-element_type=\"widget\" data-widget_type=\"text-editor.default\">\n\t\t\t\t<div class=\"elementor-widget-container\">\n\t\t\t<style>\/*! elementor - v3.16.0 - 09-10-2023 *\/\n.elementor-widget-text-editor.elementor-drop-cap-view-stacked .elementor-drop-cap{background-color:#69727d;color:#fff}.elementor-widget-text-editor.elementor-drop-cap-view-framed .elementor-drop-cap{color:#69727d;border:3px solid;background-color:transparent}.elementor-widget-text-editor:not(.elementor-drop-cap-view-default) .elementor-drop-cap{margin-top:8px}.elementor-widget-text-editor:not(.elementor-drop-cap-view-default) .elementor-drop-cap-letter{width:1em;height:1em}.elementor-widget-text-editor .elementor-drop-cap{float:left;text-align:center;line-height:1;font-size:50px}.elementor-widget-text-editor .elementor-drop-cap-letter{display:inline-block}<\/style>\t\t\t\t<p>O Hotel Gold Ville reconhece a import\u00e2ncia da privacidade, da seguran\u00e7a e da prote\u00e7\u00e3o de dados para seus clientes e para todos os titulares de dados que possam ter seus Dados Pessoais (conforme definido abaixo) ou de outra natureza processados, por meio dos sistemas do Hotel Gold Ville. N\u00f3s empregamos os melhores esfor\u00e7os para fornecer as prote\u00e7\u00f5es adequadas em todas as suas opera\u00e7\u00f5es e para implementar as pol\u00edticas e os procedimentos mais consistentes e rigorosos.<\/p><p>Esta Pol\u00edtica de Privacidade informa a voc\u00ea, que visita o site do Hotel Gold Ville, ou que fornece dados, independente de sua natureza (\u201cVoc\u00ea\u201d), as pr\u00e1ticas de privacidade indica as escolhas que Voc\u00ea pode fazer no \u00e2mbito da coleta e utiliza\u00e7\u00e3o de dados que refiram-se a Voc\u00ea.<\/p><p>Para os fins desta Pol\u00edtica de Privacidade, os dados pessoais (\u201cDados Pessoais\u201d) significam quaisquer dados que se refiram a uma pessoa natural identificada ou identific\u00e1vel. Dados Pessoais ter\u00e3o natureza de Dado Pessoal, sempre que houver a possibilidade de Voc\u00ea ser identificado, direta ou indiretamente, por refer\u00eancia a um identificador \u00fanico como, por exemplo, o seu nome, um n\u00famero de identifica\u00e7\u00e3o, dados de localiza\u00e7\u00e3o, ou demais fatores espec\u00edficos de sua identidade. Em rela\u00e7\u00e3o ao Hotel Gold Ville, Dados Pessoais do Parceiro n\u00e3o s\u00e3o, a princ\u00edpio, considerados Dados Pessoais.<\/p>\t\t\t\t\t\t<\/div>\n\t\t\t\t<\/div>\n\t\t\t\t\t<\/div>\n\t\t\t\t<\/div>\n\t\t<div class=\"elementor-element elementor-element-45a69da e-flex e-con-boxed e-con e-parent\" data-id=\"45a69da\" data-element_type=\"container\" data-settings=\"{&quot;content_width&quot;:&quot;boxed&quot;}\" data-core-v316-plus=\"true\">\n\t\t\t\t\t<div class=\"e-con-inner\">\n\t\t\t\t<div class=\"elementor-element elementor-element-28e4e58 elementor-widget elementor-widget-heading\" data-id=\"28e4e58\" data-element_type=\"widget\" data-widget_type=\"heading.default\">\n\t\t\t\t<div class=\"elementor-widget-container\">\n\t\t\t<h2 class=\"elementor-heading-title elementor-size-default\">1. escopo<\/h2>\t\t<\/div>\n\t\t\t\t<\/div>\n\t\t\t\t<div class=\"elementor-element elementor-element-3bc6daa elementor-widget elementor-widget-text-editor\" data-id=\"3bc6daa\" data-element_type=\"widget\" data-widget_type=\"text-editor.default\">\n\t\t\t\t<div class=\"elementor-widget-container\">\n\t\t\t\t\t\t\t<p>Esta Pol\u00edtica de Privacidade descreve o tratamento \u2013 que engloba a coleta ou acesso, a utiliza\u00e7\u00e3o e a guarda &#8211; de seus Dados Pessoais.<\/p><p>Ao concordar com esta Pol\u00edtica de Privacidade, Voc\u00ea declara e concorda que o Hotel Gold Ville pode tratar seus Dados Pessoais em conformidade com os termos aqui estabelecidos.<\/p>\t\t\t\t\t\t<\/div>\n\t\t\t\t<\/div>\n\t\t\t\t\t<\/div>\n\t\t\t\t<\/div>\n\t\t<div class=\"elementor-element elementor-element-6df0ca8 e-flex e-con-boxed e-con e-parent\" data-id=\"6df0ca8\" data-element_type=\"container\" data-settings=\"{&quot;content_width&quot;:&quot;boxed&quot;}\" data-core-v316-plus=\"true\">\n\t\t\t\t\t<div class=\"e-con-inner\">\n\t\t\t\t<div class=\"elementor-element elementor-element-0551af0 elementor-widget elementor-widget-heading\" data-id=\"0551af0\" data-element_type=\"widget\" data-widget_type=\"heading.default\">\n\t\t\t\t<div class=\"elementor-widget-container\">\n\t\t\t<h2 class=\"elementor-heading-title elementor-size-default\">2. DADOS PESSOAIS COLETADOS PELO SITE<\/h2>\t\t<\/div>\n\t\t\t\t<\/div>\n\t\t\t\t<div class=\"elementor-element elementor-element-eea19f0 elementor-widget elementor-widget-text-editor\" data-id=\"eea19f0\" data-element_type=\"widget\" data-widget_type=\"text-editor.default\">\n\t\t\t\t<div class=\"elementor-widget-container\">\n\t\t\t\t\t\t\t<p>O Hotel Gold Ville coleta seus Dados Pessoais quando Voc\u00ea acessa o site. Ao entrar em contato com o Hotel Gold Ville para fins de realizar reservas, Voc\u00ea deve nos fornecer o seu nome, suas informa\u00e7\u00f5es de contato, tais como endere\u00e7o de e-mail e n\u00famero de telefone, em casos de reservas online, seu n\u00famero de cart\u00e3o de cr\u00e9dito.<\/p><p>Sempre que Voc\u00ea visita o site do Hotel Gold Ville, tamb\u00e9m recebemos e registramos em nossos servidores os logs de seu navegador, incluindo o tipo e vers\u00e3o do sistema operacional do seu computador ou dispositivo m\u00f3vel, tipo e idioma do navegador, endere\u00e7o IP e \u00e1reas geogr\u00e1ficas derivadas do seu endere\u00e7o IP, dados dos cookies, dados de arquivo, registros de data e hora de acesso e dura\u00e7\u00e3o das visitas. Podemos relacionar esses dados com os Dados Pessoais que Voc\u00ea fornece para os fins descritos nesta Pol\u00edtica de Privacidade.<\/p><p>Quando Voc\u00ea usa nosso site para dispositivos m\u00f3veis, tamb\u00e9m coletamos automaticamente informa\u00e7\u00f5es sobre o dispositivo m\u00f3vel e sobre o seu uso e atividade em nossos aplicativos para dispositivos m\u00f3veis. Por exemplo, coletamos o tipo e a vers\u00e3o do sistema operacional m\u00f3vel do Seu dispositivo, tipo de navegador, tipo de dispositivo, dados de geo-localiza\u00e7\u00e3o, dados de conex\u00e3o de rede Wi-Fi, endere\u00e7o IP (Internet Protocol), identificadores de dispositivo, registros de data e hora de acesso e dura\u00e7\u00e3o das visitas e outros dados.<\/p>\t\t\t\t\t\t<\/div>\n\t\t\t\t<\/div>\n\t\t\t\t\t<\/div>\n\t\t\t\t<\/div>\n\t\t<div class=\"elementor-element elementor-element-a490673 e-flex e-con-boxed e-con e-parent\" data-id=\"a490673\" data-element_type=\"container\" data-settings=\"{&quot;content_width&quot;:&quot;boxed&quot;}\" data-core-v316-plus=\"true\">\n\t\t\t\t\t<div class=\"e-con-inner\">\n\t\t\t\t<div class=\"elementor-element elementor-element-4ca44f9 elementor-widget elementor-widget-heading\" data-id=\"4ca44f9\" data-element_type=\"widget\" data-widget_type=\"heading.default\">\n\t\t\t\t<div class=\"elementor-widget-container\">\n\t\t\t<h2 class=\"elementor-heading-title elementor-size-default\">3. COMO UTILIZAMOS OS SEUS DADOS PESSOAIS<\/h2>\t\t<\/div>\n\t\t\t\t<\/div>\n\t\t\t\t<div class=\"elementor-element elementor-element-7376cb3 elementor-widget elementor-widget-text-editor\" data-id=\"7376cb3\" data-element_type=\"widget\" data-widget_type=\"text-editor.default\">\n\t\t\t\t<div class=\"elementor-widget-container\">\n\t\t\t\t\t\t\t<p>O Hotel Gold Ville utiliza os seus Dados Pessoais para a oferta de servi\u00e7os de hotelaria, especialmente para operacionalizar reservas e tamb\u00e9m para garantir que sua hospedagem seja uma experi\u00eancia exclusiva.<\/p><p>O Hotel Gold Ville tamb\u00e9m utiliza seus Dados Pessoais aprimorar seu relacionamento com Voc\u00ea e para fornecer a Voc\u00ea servi\u00e7os melhores, incluindo a personaliza\u00e7\u00e3o de sua intera\u00e7\u00e3o e experi\u00eancia conosco. Por exemplo, podemos usar seus Dados Pessoais para:<\/p><ol><li>conduzir nossas opera\u00e7\u00f5es comerciais comuns, inclusive para verificar sua identidade, concluir transa\u00e7\u00f5es e pedidos de nossos produtos ou servi\u00e7os, administrar sua conta, processar pagamentos e realizar pesquisas e an\u00e1lises de neg\u00f3cios;<\/li><li>para fins de treinamento de pessoal e garantia de qualidade (que podem incluir monitoramento ou registro de chamadas para nosso suporte ao cliente) e melhoria de nossas opera\u00e7\u00f5es internas e desempenho de sistemas, produtos e servi\u00e7os, incluindo atividades de inova\u00e7\u00e3o como a cria\u00e7\u00e3o de novos produtos, recursos e servi\u00e7os utilizando ferramentas de pesquisa e desenvolvimento e incorporando atividades de an\u00e1lise de dados.<\/li><li>melhorar a sua experi\u00eancia com a nossa propriedade, mantendo dados precisos de contato e registro, oferecendo produtos, servi\u00e7os e recursos adequados e aprimorados que possam interess\u00e1-lo e permitir que Voc\u00ea participe de concursos e pesquisas;<\/li><li>responder aos seus coment\u00e1rios, perguntas e reclama\u00e7\u00f5es;<\/li><li>enviar a Voc\u00ea informa\u00e7\u00f5es relacionadas ao servi\u00e7o, incluindo confirma\u00e7\u00f5es, faturas, avisos t\u00e9cnicos, atualiza\u00e7\u00f5es, alertas de seguran\u00e7a e mensagens administrativas e de suporte;<\/li><li>informar a Voc\u00ea sobre promo\u00e7\u00f5es, eventos futuros e not\u00edcias sobre produtos e servi\u00e7os oferecidos pelo Hotel Gold Ville e nossos Parceiros;<\/li><li>relacionar ou combinar informa\u00e7\u00f5es sobre Voc\u00ea com outros dados que recebemos de terceiros, para ajudar a entender suas necessidades e fornecer a Voc\u00ea um servi\u00e7o melhor e mais personalizado;<\/li><li>fazer cumprir nossos termos e condi\u00e7\u00f5es ou proteger nossos neg\u00f3cios, Parceiros ou clientes;<\/li><li>previnir, investigar e impedir atividades fraudulentas, n\u00e3o autorizadas ou ilegais.<\/li><\/ol><p>O Hotel Gold Ville poder\u00e1 transferir seus Dados Pessoais a terceiros. A partir do seu Consentimento inequ\u00edvoco, tamb\u00e9m podemos combinar seus Dados Pessoais com dados que o Hotel Gold Ville coleta automaticamente e com Dados Pessoais que n\u00f3s recebemos de terceiros.<\/p>\t\t\t\t\t\t<\/div>\n\t\t\t\t<\/div>\n\t\t\t\t\t<\/div>\n\t\t\t\t<\/div>\n\t\t<div class=\"elementor-element elementor-element-dc7f5d3 e-flex e-con-boxed e-con e-parent\" data-id=\"dc7f5d3\" data-element_type=\"container\" data-settings=\"{&quot;content_width&quot;:&quot;boxed&quot;}\" data-core-v316-plus=\"true\">\n\t\t\t\t\t<div class=\"e-con-inner\">\n\t\t\t\t<div class=\"elementor-element elementor-element-7fe2cdb elementor-widget elementor-widget-heading\" data-id=\"7fe2cdb\" data-element_type=\"widget\" data-widget_type=\"heading.default\">\n\t\t\t\t<div class=\"elementor-widget-container\">\n\t\t\t<h2 class=\"elementor-heading-title elementor-size-default\">4. PUBLICIDADE E MARKETING<\/h2>\t\t<\/div>\n\t\t\t\t<\/div>\n\t\t\t\t<div class=\"elementor-element elementor-element-1d64537 elementor-widget elementor-widget-text-editor\" data-id=\"1d64537\" data-element_type=\"widget\" data-widget_type=\"text-editor.default\">\n\t\t\t\t<div class=\"elementor-widget-container\">\n\t\t\t\t\t\t\t<p>Voc\u00ea concorda que podemos coletar, processar e utilizar seus Dados Pessoais para fins de publicidade ou de pesquisa de mercado e, em particular, para melhorar os servi\u00e7os do Unique. Podemos coletar, classificar e usar seus Dados Pessoais juntamente com os de outros titulares de Dados Pessoais a fim de melhorar nossos servi\u00e7os. Ainda, o Unique pode utilizar seus Dados Pessoais para oferecer a Voc\u00ea servi\u00e7os exclusivos e oportunidades especiais que sejam compat\u00edveis com suas caracter\u00edsticas e predile\u00e7\u00f5es.<\/p>\t\t\t\t\t\t<\/div>\n\t\t\t\t<\/div>\n\t\t\t\t\t<\/div>\n\t\t\t\t<\/div>\n\t\t<div class=\"elementor-element elementor-element-16c1314 e-flex e-con-boxed e-con e-parent\" data-id=\"16c1314\" data-element_type=\"container\" data-settings=\"{&quot;content_width&quot;:&quot;boxed&quot;}\" data-core-v316-plus=\"true\">\n\t\t\t\t\t<div class=\"e-con-inner\">\n\t\t\t\t<div class=\"elementor-element elementor-element-1b90b04 elementor-widget elementor-widget-heading\" data-id=\"1b90b04\" data-element_type=\"widget\" data-widget_type=\"heading.default\">\n\t\t\t\t<div class=\"elementor-widget-container\">\n\t\t\t<h2 class=\"elementor-heading-title elementor-size-default\">5. EXERC\u00cdCIO DE SEUS DIREITOS<\/h2>\t\t<\/div>\n\t\t\t\t<\/div>\n\t\t\t\t<div class=\"elementor-element elementor-element-110a9c3 elementor-widget elementor-widget-text-editor\" data-id=\"110a9c3\" data-element_type=\"widget\" data-widget_type=\"text-editor.default\">\n\t\t\t\t<div class=\"elementor-widget-container\">\n\t\t\t\t\t\t\t<p>O Hotel Gold Ville respeita os direitos que Voc\u00ea possui na qualidade de titular de dados pessoais e possibilita seu exerc\u00edcio em conformidade com a legisla\u00e7\u00e3o aplic\u00e1vel.<\/p><p>Assim, Voc\u00ea tem o direito de confirmar se o Hotel Gold Ville faz o tratamento de Dados Pessoais que digam respeito a Voc\u00ea e de acessar os Dados Pessoais que Voc\u00ea nos forneceu ou que mantemos sobre Voc\u00ea.<\/p><p>O Hotel Gold Ville se empenha para garantir que o tratamento de Dados Pessoais esteja de acordo com a legisla\u00e7\u00e3o e que respeite os direitos e interesses dos titulares de dados pessoais. Caso note que n\u00f3s mantemos Dados Pessoais incompletos, inexatos ou desatualizados, Voc\u00ea tem o direito de requerer que eles sejam corrigidos. Do mesmo modo, se Voc\u00ea constatar que n\u00f3s tratamos Dados Pessoais desnecess\u00e1rios ou excessivos ou que o tratamento esteja em desconformidade com a legisla\u00e7\u00e3o, Voc\u00ea tem o direito de requerer a anonimiza\u00e7\u00e3o, o bloqueio ou a elimina\u00e7\u00e3o dos Dados Pessoais objeto da irregularidade.<\/p><p>Al\u00e9m disso, Voc\u00ea tem o direito de requerer informa\u00e7\u00f5es sobre a possibilidade de n\u00e3o fornecer consentimento e as consequ\u00eancias dessa negativa. Caso j\u00e1 tenha outorgado seu consentimento anteriormente, Voc\u00ea tem o direito de revoga-lo e de solicitar a elimina\u00e7\u00e3o dos dados Dados Pessoais cujo tratamento foi autorizado mediante esse consentimento.<\/p><p>Se Voc\u00ea pretender que os Dados Pessoais que o Hotel Gold Ville mant\u00e9m sobre Voc\u00ea sejam compartilhados com outro prestador de servi\u00e7os ou de produtos, Voc\u00ea tem o direito de requerer ao Hotel Gold Ville sua portabilidade.\u00a0<\/p>\t\t\t\t\t\t<\/div>\n\t\t\t\t<\/div>\n\t\t\t\t\t<\/div>\n\t\t\t\t<\/div>\n\t\t<div class=\"elementor-element elementor-element-4652e7b e-flex e-con-boxed e-con e-parent\" data-id=\"4652e7b\" data-element_type=\"container\" data-settings=\"{&quot;content_width&quot;:&quot;boxed&quot;}\" data-core-v316-plus=\"true\">\n\t\t\t\t\t<div class=\"e-con-inner\">\n\t\t\t\t<div class=\"elementor-element elementor-element-f37d2d4 elementor-widget elementor-widget-heading\" data-id=\"f37d2d4\" data-element_type=\"widget\" data-widget_type=\"heading.default\">\n\t\t\t\t<div class=\"elementor-widget-container\">\n\t\t\t<h2 class=\"elementor-heading-title elementor-size-default\">6. altera\u00e7\u00f5es<\/h2>\t\t<\/div>\n\t\t\t\t<\/div>\n\t\t\t\t<div class=\"elementor-element elementor-element-485957f elementor-widget elementor-widget-text-editor\" data-id=\"485957f\" data-element_type=\"widget\" data-widget_type=\"text-editor.default\">\n\t\t\t\t<div class=\"elementor-widget-container\">\n\t\t\t\t\t\t\t<p>\u00c0 medida que a tecnologia e nossos servi\u00e7os avan\u00e7am, tamb\u00e9m adaptaremos nossa Pol\u00edtica de Privacidade. Sempre que isso acontecer, publicaremos a nova vers\u00e3o, a qual indicar\u00e1 a data em que se deu a revis\u00e3o. Caso entenda necess\u00e1rio, Voc\u00ea poder\u00e1 nos solicitar a vers\u00e3o mais atualizada de nossa Pol\u00edtica de Privacidade por outros meios. De todo modo, Voc\u00ea deve verificar esta p\u00e1gina regularmente para saber mais sobre o status desta Pol\u00edtica de Privacidade.<\/p>\t\t\t\t\t\t<\/div>\n\t\t\t\t<\/div>\n\t\t\t\t\t<\/div>\n\t\t\t\t<\/div>\n\t\t<div class=\"elementor-element elementor-element-0e454c5 e-flex e-con-boxed e-con e-parent\" data-id=\"0e454c5\" data-element_type=\"container\" data-settings=\"{&quot;content_width&quot;:&quot;boxed&quot;}\" data-core-v316-plus=\"true\">\n\t\t\t\t\t<div class=\"e-con-inner\">\n\t\t\t\t<div class=\"elementor-element elementor-element-350e329 elementor-widget elementor-widget-heading\" data-id=\"350e329\" data-element_type=\"widget\" data-widget_type=\"heading.default\">\n\t\t\t\t<div class=\"elementor-widget-container\">\n\t\t\t<h2 class=\"elementor-heading-title elementor-size-default\">7. CONTATE-NOS<\/h2>\t\t<\/div>\n\t\t\t\t<\/div>\n\t\t\t\t<div class=\"elementor-element elementor-element-3d66c80 elementor-widget elementor-widget-text-editor\" data-id=\"3d66c80\" data-element_type=\"widget\" data-widget_type=\"text-editor.default\">\n\t\t\t\t<div class=\"elementor-widget-container\">\n\t\t\t\t\t\t\t<p>Se Voc\u00ea tiver alguma d\u00favida ou preocupa\u00e7\u00e3o a respeito desta Pol\u00edtica de Privacidade, ou sobre nossas pr\u00e1ticas de coleta e utiliza\u00e7\u00e3o de Dados Pessoais ou, ainda, sobre uma poss\u00edvel viola\u00e7\u00e3o ou quebra de sigilo de Dados Pessoais ou de privacidade, Voc\u00ea pode entrar em contato conosco por meio do e-mail atendimento@hotelgoldville.com.br<\/p>\t\t\t\t\t\t<\/div>\n\t\t\t\t<\/div>\n\t\t\t\t\t<\/div>\n\t\t\t\t<\/div>\n\t\t\t\t\t\t\t<\/div>\n\t\t","protected":false},"excerpt":{"rendered":"<p>pol\u00edticas de privacidade O Hotel Gold Ville reconhece a import\u00e2ncia da privacidade, da seguran\u00e7a e da prote\u00e7\u00e3o de dados para seus clientes e para todos os titulares de dados que possam ter seus Dados Pessoais (conforme definido abaixo) ou de outra natureza processados, por meio dos sistemas do Hotel Gold Ville. N\u00f3s empregamos os melhores [&hellip;]<\/p>\n","protected":false},"author":1,"featured_media":0,"parent":0,"menu_order":0,"comment_status":"closed","ping_status":"closed","template":"","meta":{"footnotes":""},"class_list":["post-429","page","type-page","status-publish","hentry"],"_links":{"self":[{"href":"https:\/\/hotelgoldville.com.br\/index.php?rest_route=\/wp\/v2\/pages\/429","targetHints":{"allow":["GET"]}}],"collection":[{"href":"https:\/\/hotelgoldville.com.br\/index.php?rest_route=\/wp\/v2\/pages"}],"about":[{"href":"https:\/\/hotelgoldville.com.br\/index.php?rest_route=\/wp\/v2\/types\/page"}],"author":[{"embeddable":true,"href":"https:\/\/hotelgoldville.com.br\/index.php?rest_route=\/wp\/v2\/users\/1"}],"replies":[{"embeddable":true,"href":"https:\/\/hotelgoldville.com.br\/index.php?rest_route=%2Fwp%2Fv2%2Fcomments&post=429"}],"version-history":[{"count":27,"href":"https:\/\/hotelgoldville.com.br\/index.php?rest_route=\/wp\/v2\/pages\/429\/revisions"}],"predecessor-version":[{"id":1225,"href":"https:\/\/hotelgoldville.com.br\/index.php?rest_route=\/wp\/v2\/pages\/429\/revisions\/1225"}],"wp:attachment":[{"href":"https:\/\/hotelgoldville.com.br\/index.php?rest_route=%2Fwp%2Fv2%2Fmedia&parent=429"}],"curies":[{"name":"wp","href":"https:\/\/api.w.org\/{rel}","templated":true}]}}